{"id":54,"date":"2024-06-26T00:04:33","date_gmt":"2024-06-25T22:04:33","guid":{"rendered":"https:\/\/anae.blastyu.fr\/?page_id=54"},"modified":"2025-03-21T17:24:33","modified_gmt":"2025-03-21T16:24:33","slug":"engagement-associatif-usep-81","status":"publish","type":"page","link":"https:\/\/anae.blastyu.fr\/?page_id=54","title":{"rendered":"Engagement Associatif USEP 81"},"content":{"rendered":"\t\t<div data-elementor-type=\"wp-page\" data-elementor-id=\"54\" class=\"elementor elementor-54\">\n\t\t\t\t<div class=\"elementor-element elementor-element-5113ea6 e-flex e-con-boxed e-con e-parent\" data-id=\"5113ea6\" data-element_type=\"container\" data-e-type=\"container\">\n\t\t\t\t\t<div class=\"e-con-inner\">\n\t\t\t\t<div class=\"elementor-element elementor-element-e8abf1a elementor-widget elementor-widget-heading\" data-id=\"e8abf1a\" data-element_type=\"widget\" data-e-type=\"widget\" data-widget_type=\"heading.default\">\n\t\t\t\t<div class=\"elementor-widget-container\">\n\t\t\t\t\t<h2 class=\"elementor-heading-title elementor-size-default\">Mes r\u00e9alisations dans l'association USEP 81<\/h2>\t\t\t\t<\/div>\n\t\t\t\t<\/div>\n\t\t\t\t<div class=\"elementor-element elementor-element-33d6b5b elementor-widget elementor-widget-spacer\" data-id=\"33d6b5b\" data-element_type=\"widget\" data-e-type=\"widget\" data-widget_type=\"spacer.default\">\n\t\t\t\t<div class=\"elementor-widget-container\">\n\t\t\t\t\t\t\t<div class=\"elementor-spacer\">\n\t\t\t<div class=\"elementor-spacer-inner\"><\/div>\n\t\t<\/div>\n\t\t\t\t\t\t<\/div>\n\t\t\t\t<\/div>\n\t\t\t\t\t<\/div>\n\t\t\t\t<\/div>\n\t\t<div class=\"elementor-element elementor-element-6c07cba e-flex e-con-boxed e-con e-parent\" data-id=\"6c07cba\" data-element_type=\"container\" data-e-type=\"container\">\n\t\t\t\t\t<div class=\"e-con-inner\">\n\t\t\t\t<div class=\"elementor-element elementor-element-21377d4 elementor-widget elementor-widget-text-editor\" data-id=\"21377d4\" data-element_type=\"widget\" data-e-type=\"widget\" data-widget_type=\"text-editor.default\">\n\t\t\t\t<div class=\"elementor-widget-container\">\n\t\t\t\t\t\t\t\t\t<p>L&rsquo;USEP 81 est une association d\u00e9partementale de l&rsquo;Union Sportive de l&rsquo;Enseignement du Premier degr\u00e9 dans le Tarn. Elle fait partie d&rsquo;un r\u00e9seau national qui promeut le sport scolaire pour les \u00e9l\u00e8ves d&rsquo;\u00e9coles maternelles et \u00e9l\u00e9mentaires. L&rsquo;USEP organise des activit\u00e9s physiques, sportives et culturelles pour les enfants, avec pour objectif de les initier \u00e0 la pratique sportive. Elle collabore avec les enseignants pour int\u00e9grer le sport dans les programmes \u00e9ducatifs.<\/p>\t\t\t\t\t\t\t\t<\/div>\n\t\t\t\t<\/div>\n\t\t\t\t<div class=\"elementor-element elementor-element-42322e3 elementor-widget elementor-widget-spacer\" data-id=\"42322e3\" data-element_type=\"widget\" data-e-type=\"widget\" data-widget_type=\"spacer.default\">\n\t\t\t\t<div class=\"elementor-widget-container\">\n\t\t\t\t\t\t\t<div class=\"elementor-spacer\">\n\t\t\t<div class=\"elementor-spacer-inner\"><\/div>\n\t\t<\/div>\n\t\t\t\t\t\t<\/div>\n\t\t\t\t<\/div>\n\t\t\t\t\t<\/div>\n\t\t\t\t<\/div>\n\t\t<div class=\"elementor-element elementor-element-6307b8a e-flex e-con-boxed e-con e-parent\" data-id=\"6307b8a\" data-element_type=\"container\" data-e-type=\"container\">\n\t\t\t\t\t<div class=\"e-con-inner\">\n\t\t<div class=\"elementor-element elementor-element-159f5aa e-con-full e-flex e-con e-child\" data-id=\"159f5aa\" data-element_type=\"container\" data-e-type=\"container\">\n\t\t\t\t<div class=\"elementor-element elementor-element-b1a722d elementor-widget elementor-widget-image\" data-id=\"b1a722d\" data-element_type=\"widget\" data-e-type=\"widget\" data-widget_type=\"image.default\">\n\t\t\t\t<div class=\"elementor-widget-container\">\n\t\t\t\t\t\t\t\t\t\t\t\t\t\t\t<img fetchpriority=\"high\" decoding=\"async\" width=\"724\" height=\"1024\" src=\"https:\/\/anae.blastyu.fr\/wp-content\/uploads\/2024\/10\/Affiche-cross-2024-724x1024.png\" class=\"attachment-large size-large wp-image-236\" alt=\"\" srcset=\"https:\/\/anae.blastyu.fr\/wp-content\/uploads\/2024\/10\/Affiche-cross-2024-724x1024.png 724w, https:\/\/anae.blastyu.fr\/wp-content\/uploads\/2024\/10\/Affiche-cross-2024-212x300.png 212w, https:\/\/anae.blastyu.fr\/wp-content\/uploads\/2024\/10\/Affiche-cross-2024-768x1086.png 768w, https:\/\/anae.blastyu.fr\/wp-content\/uploads\/2024\/10\/Affiche-cross-2024-1086x1536.png 1086w, https:\/\/anae.blastyu.fr\/wp-content\/uploads\/2024\/10\/Affiche-cross-2024-1448x2048.png 1448w, https:\/\/anae.blastyu.fr\/wp-content\/uploads\/2024\/10\/Affiche-cross-2024.png 1587w\" sizes=\"(max-width: 724px) 100vw, 724px\" \/>\t\t\t\t\t\t\t\t\t\t\t\t\t\t\t<\/div>\n\t\t\t\t<\/div>\n\t\t\t\t<\/div>\n\t\t<div class=\"elementor-element elementor-element-fe1be51 e-con-full e-flex e-con e-child\" data-id=\"fe1be51\" data-element_type=\"container\" data-e-type=\"container\">\n\t\t<div class=\"elementor-element elementor-element-7747893 e-con-full e-flex e-con e-child\" data-id=\"7747893\" data-element_type=\"container\" data-e-type=\"container\">\n\t\t\t\t<div class=\"elementor-element elementor-element-68cff2f elementor-widget elementor-widget-image\" data-id=\"68cff2f\" data-element_type=\"widget\" data-e-type=\"widget\" data-widget_type=\"image.default\">\n\t\t\t\t<div class=\"elementor-widget-container\">\n\t\t\t\t\t\t\t\t\t\t\t\t\t\t\t<img decoding=\"async\" width=\"1024\" height=\"725\" src=\"https:\/\/anae.blastyu.fr\/wp-content\/uploads\/2024\/08\/Classe-sportive_compressed-1024x725.png\" class=\"attachment-large size-large wp-image-91\" alt=\"\" srcset=\"https:\/\/anae.blastyu.fr\/wp-content\/uploads\/2024\/08\/Classe-sportive_compressed-1024x725.png 1024w, https:\/\/anae.blastyu.fr\/wp-content\/uploads\/2024\/08\/Classe-sportive_compressed-300x212.png 300w, https:\/\/anae.blastyu.fr\/wp-content\/uploads\/2024\/08\/Classe-sportive_compressed-768x543.png 768w, https:\/\/anae.blastyu.fr\/wp-content\/uploads\/2024\/08\/Classe-sportive_compressed-1536x1087.png 1536w, https:\/\/anae.blastyu.fr\/wp-content\/uploads\/2024\/08\/Classe-sportive_compressed.png 1754w\" sizes=\"(max-width: 1024px) 100vw, 1024px\" \/>\t\t\t\t\t\t\t\t\t\t\t\t\t\t\t<\/div>\n\t\t\t\t<\/div>\n\t\t\t\t<div class=\"elementor-element elementor-element-d3e68b9 elementor-widget elementor-widget-image\" data-id=\"d3e68b9\" data-element_type=\"widget\" data-e-type=\"widget\" data-widget_type=\"image.default\">\n\t\t\t\t<div class=\"elementor-widget-container\">\n\t\t\t\t\t\t\t\t\t\t\t\t\t\t\t<img decoding=\"async\" width=\"1024\" height=\"724\" src=\"https:\/\/anae.blastyu.fr\/wp-content\/uploads\/2024\/08\/Classe-sportive-1-compresse-1024x724.png\" class=\"attachment-large size-large wp-image-90\" alt=\"\" srcset=\"https:\/\/anae.blastyu.fr\/wp-content\/uploads\/2024\/08\/Classe-sportive-1-compresse-1024x724.png 1024w, https:\/\/anae.blastyu.fr\/wp-content\/uploads\/2024\/08\/Classe-sportive-1-compresse-300x212.png 300w, https:\/\/anae.blastyu.fr\/wp-content\/uploads\/2024\/08\/Classe-sportive-1-compresse-768x543.png 768w, https:\/\/anae.blastyu.fr\/wp-content\/uploads\/2024\/08\/Classe-sportive-1-compresse.png 1500w\" sizes=\"(max-width: 1024px) 100vw, 1024px\" \/>\t\t\t\t\t\t\t\t\t\t\t\t\t\t\t<\/div>\n\t\t\t\t<\/div>\n\t\t\t\t<\/div>\n\t\t\t\t<\/div>\n\t\t\t\t\t<\/div>\n\t\t\t\t<\/div>\n\t\t<div class=\"elementor-element elementor-element-eceeb9f e-flex e-con-boxed e-con e-parent\" data-id=\"eceeb9f\" data-element_type=\"container\" data-e-type=\"container\">\n\t\t\t\t\t<div class=\"e-con-inner\">\n\t\t<div class=\"elementor-element elementor-element-6a72dfa e-con-full e-flex e-con e-child\" data-id=\"6a72dfa\" data-element_type=\"container\" data-e-type=\"container\">\n\t\t\t\t<div class=\"elementor-element elementor-element-4492907 elementor-widget elementor-widget-image\" data-id=\"4492907\" data-element_type=\"widget\" data-e-type=\"widget\" data-widget_type=\"image.default\">\n\t\t\t\t<div class=\"elementor-widget-container\">\n\t\t\t\t\t\t\t\t\t\t\t\t\t\t\t<img loading=\"lazy\" decoding=\"async\" width=\"726\" height=\"1024\" src=\"https:\/\/anae.blastyu.fr\/wp-content\/uploads\/2024\/12\/Carte-de-voeux-USEP-726x1024.png\" class=\"attachment-large size-large wp-image-313\" alt=\"\" srcset=\"https:\/\/anae.blastyu.fr\/wp-content\/uploads\/2024\/12\/Carte-de-voeux-USEP-726x1024.png 726w, https:\/\/anae.blastyu.fr\/wp-content\/uploads\/2024\/12\/Carte-de-voeux-USEP-213x300.png 213w, https:\/\/anae.blastyu.fr\/wp-content\/uploads\/2024\/12\/Carte-de-voeux-USEP-768x1083.png 768w, https:\/\/anae.blastyu.fr\/wp-content\/uploads\/2024\/12\/Carte-de-voeux-USEP-1090x1536.png 1090w, https:\/\/anae.blastyu.fr\/wp-content\/uploads\/2024\/12\/Carte-de-voeux-USEP.png 1240w\" sizes=\"(max-width: 726px) 100vw, 726px\" \/>\t\t\t\t\t\t\t\t\t\t\t\t\t\t\t<\/div>\n\t\t\t\t<\/div>\n\t\t\t\t<\/div>\n\t\t<div class=\"elementor-element elementor-element-b66b8c6 e-con-full e-flex e-con e-child\" data-id=\"b66b8c6\" data-element_type=\"container\" data-e-type=\"container\">\n\t\t<div class=\"elementor-element elementor-element-41e0793 e-con-full e-flex e-con e-child\" data-id=\"41e0793\" data-element_type=\"container\" data-e-type=\"container\">\n\t\t\t\t<div class=\"elementor-element elementor-element-ac36ecb elementor-widget elementor-widget-image\" data-id=\"ac36ecb\" data-element_type=\"widget\" data-e-type=\"widget\" data-widget_type=\"image.default\">\n\t\t\t\t<div class=\"elementor-widget-container\">\n\t\t\t\t\t\t\t\t\t\t\t\t\t\t\t<img loading=\"lazy\" decoding=\"async\" width=\"1024\" height=\"726\" src=\"https:\/\/anae.blastyu.fr\/wp-content\/uploads\/2024\/08\/Carton-dinvitation-compresse-1024x726.png\" class=\"attachment-large size-large wp-image-92\" alt=\"\" srcset=\"https:\/\/anae.blastyu.fr\/wp-content\/uploads\/2024\/08\/Carton-dinvitation-compresse-1024x726.png 1024w, https:\/\/anae.blastyu.fr\/wp-content\/uploads\/2024\/08\/Carton-dinvitation-compresse-300x213.png 300w, https:\/\/anae.blastyu.fr\/wp-content\/uploads\/2024\/08\/Carton-dinvitation-compresse-768x545.png 768w, https:\/\/anae.blastyu.fr\/wp-content\/uploads\/2024\/08\/Carton-dinvitation-compresse-1536x1090.png 1536w, https:\/\/anae.blastyu.fr\/wp-content\/uploads\/2024\/08\/Carton-dinvitation-compresse.png 1748w\" sizes=\"(max-width: 1024px) 100vw, 1024px\" \/>\t\t\t\t\t\t\t\t\t\t\t\t\t\t\t<\/div>\n\t\t\t\t<\/div>\n\t\t\t\t<\/div>\n\t\t<div class=\"elementor-element elementor-element-0a1b4ff e-con-full e-flex e-con e-child\" data-id=\"0a1b4ff\" data-element_type=\"container\" data-e-type=\"container\">\n\t\t\t\t<div class=\"elementor-element elementor-element-1b0713f elementor-widget elementor-widget-image\" data-id=\"1b0713f\" data-element_type=\"widget\" data-e-type=\"widget\" data-widget_type=\"image.default\">\n\t\t\t\t<div class=\"elementor-widget-container\">\n\t\t\t\t\t\t\t\t\t\t\t\t\t\t\t<img loading=\"lazy\" decoding=\"async\" width=\"1024\" height=\"682\" src=\"https:\/\/anae.blastyu.fr\/wp-content\/uploads\/2025\/03\/invitation-Assemblee-generale-format-paysage-2-1024x682.png\" class=\"attachment-large size-large wp-image-391\" alt=\"\" srcset=\"https:\/\/anae.blastyu.fr\/wp-content\/uploads\/2025\/03\/invitation-Assemblee-generale-format-paysage-2-1024x682.png 1024w, https:\/\/anae.blastyu.fr\/wp-content\/uploads\/2025\/03\/invitation-Assemblee-generale-format-paysage-2-300x200.png 300w, https:\/\/anae.blastyu.fr\/wp-content\/uploads\/2025\/03\/invitation-Assemblee-generale-format-paysage-2-768x512.png 768w, https:\/\/anae.blastyu.fr\/wp-content\/uploads\/2025\/03\/invitation-Assemblee-generale-format-paysage-2-1536x1024.png 1536w, https:\/\/anae.blastyu.fr\/wp-content\/uploads\/2025\/03\/invitation-Assemblee-generale-format-paysage-2.png 2000w\" sizes=\"(max-width: 1024px) 100vw, 1024px\" \/>\t\t\t\t\t\t\t\t\t\t\t\t\t\t\t<\/div>\n\t\t\t\t<\/div>\n\t\t\t\t<\/div>\n\t\t\t\t<\/div>\n\t\t\t\t\t<\/div>\n\t\t\t\t<\/div>\n\t\t<div class=\"elementor-element elementor-element-e7c0aaf e-flex e-con-boxed e-con e-parent\" data-id=\"e7c0aaf\" data-element_type=\"container\" data-e-type=\"container\">\n\t\t\t\t\t<div class=\"e-con-inner\">\n\t\t<div class=\"elementor-element elementor-element-71e7147 e-con-full e-flex e-con e-child\" data-id=\"71e7147\" data-element_type=\"container\" data-e-type=\"container\">\n\t\t\t\t<div class=\"elementor-element elementor-element-56d4a3b elementor-widget elementor-widget-image\" data-id=\"56d4a3b\" data-element_type=\"widget\" data-e-type=\"widget\" data-widget_type=\"image.default\">\n\t\t\t\t<div class=\"elementor-widget-container\">\n\t\t\t\t\t\t\t\t\t\t\t\t\t\t\t<img loading=\"lazy\" decoding=\"async\" width=\"724\" height=\"1024\" src=\"https:\/\/anae.blastyu.fr\/wp-content\/uploads\/2025\/03\/Rando-Lune-USEP-2-724x1024.png\" class=\"attachment-large size-large wp-image-393\" alt=\"\" srcset=\"https:\/\/anae.blastyu.fr\/wp-content\/uploads\/2025\/03\/Rando-Lune-USEP-2-724x1024.png 724w, https:\/\/anae.blastyu.fr\/wp-content\/uploads\/2025\/03\/Rando-Lune-USEP-2-212x300.png 212w, https:\/\/anae.blastyu.fr\/wp-content\/uploads\/2025\/03\/Rando-Lune-USEP-2-768x1086.png 768w, https:\/\/anae.blastyu.fr\/wp-content\/uploads\/2025\/03\/Rando-Lune-USEP-2-1086x1536.png 1086w, https:\/\/anae.blastyu.fr\/wp-content\/uploads\/2025\/03\/Rando-Lune-USEP-2-1448x2048.png 1448w, https:\/\/anae.blastyu.fr\/wp-content\/uploads\/2025\/03\/Rando-Lune-USEP-2.png 1587w\" sizes=\"(max-width: 724px) 100vw, 724px\" \/>\t\t\t\t\t\t\t\t\t\t\t\t\t\t\t<\/div>\n\t\t\t\t<\/div>\n\t\t\t\t<\/div>\n\t\t<div class=\"elementor-element elementor-element-dd05569 e-con-full e-flex e-con e-child\" data-id=\"dd05569\" data-element_type=\"container\" data-e-type=\"container\">\n\t\t\t\t<div class=\"elementor-element elementor-element-f0a0762 elementor-widget elementor-widget-text-editor\" data-id=\"f0a0762\" data-element_type=\"widget\" data-e-type=\"widget\" data-widget_type=\"text-editor.default\">\n\t\t\t\t<div class=\"elementor-widget-container\">\n\t\t\t\t\t\t\t\t\t<p>Pour l\u2019association USEP, j\u2019ai con\u00e7u divers supports de communication afin de promouvoir ses activit\u00e9s. J\u2019ai r\u00e9alis\u00e9 des plaquettes\u00a0<em>\u00ab\u00a0Savoir Nager\u00a0\u00bb<\/em> pour valoriser les cours de piscine et sensibiliser \u00e0 l\u2019importance de la s\u00e9curit\u00e9 aquatique. J\u2019ai \u00e9galement cr\u00e9\u00e9 deux cartons d\u2019invitation pour l\u2019assembl\u00e9e g\u00e9n\u00e9rale, une affiche dynamique pour le cross annuel, une carte de v\u0153ux festive pour marquer les f\u00eates de fin d\u2019ann\u00e9e et enfin une affiche pour une rencontre sportive en famille rand&rsquo;\u00f4 lune.<\/p><p>Ces projets m\u2019ont permis de contribuer \u00e0 la visibilit\u00e9 de l\u2019USEP tout en mettant en valeur ses valeurs \u00e9ducatives et sportives.<\/p>\t\t\t\t\t\t\t\t<\/div>\n\t\t\t\t<\/div>\n\t\t\t\t<\/div>\n\t\t\t\t\t<\/div>\n\t\t\t\t<\/div>\n\t\t\t\t<\/div>\n\t\t","protected":false},"excerpt":{"rendered":"<p>Mes r\u00e9alisations dans l&rsquo;association USEP 81 L&rsquo;USEP 81 est une association d\u00e9partementale de l&rsquo;Union Sportive de l&rsquo;Enseignement du Premier degr\u00e9 [&hellip;]<\/p>\n","protected":false},"author":1,"featured_media":0,"parent":0,"menu_order":0,"comment_status":"closed","ping_status":"closed","template":"","meta":{"inline_featured_image":false,"site-sidebar-layout":"default","site-content-layout":"","ast-site-content-layout":"","site-content-style":"default","site-sidebar-style":"default","ast-global-header-display":"","ast-banner-title-visibility":"","ast-main-header-display":"","ast-hfb-above-header-display":"","ast-hfb-below-header-display":"","ast-hfb-mobile-header-display":"","site-post-title":"","ast-breadcrumbs-content":"","ast-featured-img":"","footer-sml-layout":"","theme-transparent-header-meta":"","adv-header-id-meta":"","stick-header-meta":"","header-above-stick-meta":"","header-main-stick-meta":"","header-below-stick-meta":"","astra-migrate-meta-layouts":"default","ast-page-background-enabled":"default","ast-page-background-meta":{"desktop":{"background-color":"var(--ast-global-color-4)","background-image":"","background-repeat":"repeat","background-position":"center center","background-size":"auto","background-attachment":"scroll","background-type":"","background-media":"","overlay-type":"","overlay-color":"","overlay-opacity":"","overlay-gradient":""},"tablet":{"background-color":"","background-image":"","background-repeat":"repeat","background-position":"center center","background-size":"auto","background-attachment":"scroll","background-type":"","background-media":"","overlay-type":"","overlay-color":"","overlay-opacity":"","overlay-gradient":""},"mobile":{"background-color":"","background-image":"","background-repeat":"repeat","background-position":"center center","background-size":"auto","background-attachment":"scroll","background-type":"","background-media":"","overlay-type":"","overlay-color":"","overlay-opacity":"","overlay-gradient":""}},"ast-content-background-meta":{"desktop":{"background-color":"var(--ast-global-color-5)","background-image":"","background-repeat":"repeat","background-position":"center center","background-size":"auto","background-attachment":"scroll","background-type":"","background-media":"","overlay-type":"","overlay-color":"","overlay-opacity":"","overlay-gradient":""},"tablet":{"background-color":"var(--ast-global-color-5)","background-image":"","background-repeat":"repeat","background-position":"center center","background-size":"auto","background-attachment":"scroll","background-type":"","background-media":"","overlay-type":"","overlay-color":"","overlay-opacity":"","overlay-gradient":""},"mobile":{"background-color":"var(--ast-global-color-5)","background-image":"","background-repeat":"repeat","background-position":"center center","background-size":"auto","background-attachment":"scroll","background-type":"","background-media":"","overlay-type":"","overlay-color":"","overlay-opacity":"","overlay-gradient":""}},"footnotes":""},"class_list":["post-54","page","type-page","status-publish","hentry"],"_links":{"self":[{"href":"https:\/\/anae.blastyu.fr\/index.php?rest_route=\/wp\/v2\/pages\/54","targetHints":{"allow":["GET"]}}],"collection":[{"href":"https:\/\/anae.blastyu.fr\/index.php?rest_route=\/wp\/v2\/pages"}],"about":[{"href":"https:\/\/anae.blastyu.fr\/index.php?rest_route=\/wp\/v2\/types\/page"}],"author":[{"embeddable":true,"href":"https:\/\/anae.blastyu.fr\/index.php?rest_route=\/wp\/v2\/users\/1"}],"replies":[{"embeddable":true,"href":"https:\/\/anae.blastyu.fr\/index.php?rest_route=%2Fwp%2Fv2%2Fcomments&post=54"}],"version-history":[{"count":26,"href":"https:\/\/anae.blastyu.fr\/index.php?rest_route=\/wp\/v2\/pages\/54\/revisions"}],"predecessor-version":[{"id":396,"href":"https:\/\/anae.blastyu.fr\/index.php?rest_route=\/wp\/v2\/pages\/54\/revisions\/396"}],"wp:attachment":[{"href":"https:\/\/anae.blastyu.fr\/index.php?rest_route=%2Fwp%2Fv2%2Fmedia&parent=54"}],"curies":[{"name":"wp","href":"https:\/\/api.w.org\/{rel}","templated":true}]}}