{"id":52,"date":"2024-06-26T00:04:12","date_gmt":"2024-06-25T22:04:12","guid":{"rendered":"https:\/\/anae.blastyu.fr\/?page_id=52"},"modified":"2024-08-23T16:04:34","modified_gmt":"2024-08-23T14:04:34","slug":"ecla","status":"publish","type":"page","link":"https:\/\/anae.blastyu.fr\/?page_id=52","title":{"rendered":"Ecla"},"content":{"rendered":"\t\t<div data-elementor-type=\"wp-page\" data-elementor-id=\"52\" class=\"elementor elementor-52\">\n\t\t\t\t<div class=\"elementor-element elementor-element-74da63d9 e-flex e-con-boxed e-con e-parent\" data-id=\"74da63d9\" data-element_type=\"container\" data-e-type=\"container\">\n\t\t\t\t\t<div class=\"e-con-inner\">\n\t\t\t\t<div class=\"elementor-element elementor-element-66d383b8 elementor-widget elementor-widget-text-editor\" data-id=\"66d383b8\" data-element_type=\"widget\" data-e-type=\"widget\" data-widget_type=\"text-editor.default\">\n\t\t\t\t<div class=\"elementor-widget-container\">\n\t\t\t\t\t\t\t\t\t\n<h2 class=\"wp-block-heading has-text-align-center\">Mes r\u00e9alisations au sein de l&rsquo;ECLA.<\/h2>\n\n\n\n<div class=\"wp-block-group is-layout-grid wp-container-core-group-is-layout-478b6e6b wp-block-group-is-layout-grid\"><\/div>\n\n\n\n<p><\/p>\n\t\t\t\t\t\t\t\t<\/div>\n\t\t\t\t<\/div>\n\t\t\t\t\t<\/div>\n\t\t\t\t<\/div>\n\t\t<div class=\"elementor-element elementor-element-3da62ce e-flex e-con-boxed e-con e-parent\" data-id=\"3da62ce\" data-element_type=\"container\" data-e-type=\"container\">\n\t\t\t\t\t<div class=\"e-con-inner\">\n\t\t\t\t<div class=\"elementor-element elementor-element-f5a26d3 elementor-widget elementor-widget-text-editor\" data-id=\"f5a26d3\" data-element_type=\"widget\" data-e-type=\"widget\" data-widget_type=\"text-editor.default\">\n\t\t\t\t<div class=\"elementor-widget-container\">\n\t\t\t\t\t\t\t\t\t<p>L&rsquo;ECLA est une association sportive dynamique qui a pour mission de promouvoir l&rsquo;athl\u00e9tisme aupr\u00e8s des jeunes et des adultes de la r\u00e9gion. Forte de son engagement pour le sport et la communaut\u00e9, l&rsquo;ECLA organise r\u00e9guli\u00e8rement des \u00e9v\u00e9nements pour rassembler les passionn\u00e9s d&rsquo;athl\u00e9tisme et encourager la pratique sportive \u00e0 tous les niveaux.<\/p>\n<p>Dans le cadre de nos \u00e9tudes, nous avons eu l&rsquo;opportunit\u00e9 de travailler en groupe sur un projet de communication pour l&rsquo;un des \u00e9v\u00e9nements phares de l&rsquo;ECLA : le <strong>Music Jump<\/strong>. Cet \u00e9v\u00e9nement d&rsquo;athl\u00e9tisme combine la passion du sport avec l&rsquo;\u00e9nergie de la musique, cr\u00e9ant une atmosph\u00e8re unique et festive.<\/p>\t\t\t\t\t\t\t\t<\/div>\n\t\t\t\t<\/div>\n\t\t\t\t<div class=\"elementor-element elementor-element-2a41511 elementor-widget elementor-widget-spacer\" data-id=\"2a41511\" data-element_type=\"widget\" data-e-type=\"widget\" data-widget_type=\"spacer.default\">\n\t\t\t\t<div class=\"elementor-widget-container\">\n\t\t\t\t\t\t\t<div class=\"elementor-spacer\">\n\t\t\t<div class=\"elementor-spacer-inner\"><\/div>\n\t\t<\/div>\n\t\t\t\t\t\t<\/div>\n\t\t\t\t<\/div>\n\t\t\t\t\t<\/div>\n\t\t\t\t<\/div>\n\t\t<div class=\"elementor-element elementor-element-924848b e-flex e-con-boxed e-con e-parent\" data-id=\"924848b\" data-element_type=\"container\" data-e-type=\"container\">\n\t\t\t\t\t<div class=\"e-con-inner\">\n\t\t\t\t<div class=\"elementor-element elementor-element-7efa3e2 elementor-widget elementor-widget-heading\" data-id=\"7efa3e2\" data-element_type=\"widget\" data-e-type=\"widget\" data-widget_type=\"heading.default\">\n\t\t\t\t<div class=\"elementor-widget-container\">\n\t\t\t\t\t<h2 class=\"elementor-heading-title elementor-size-default\">La charte graphique<\/h2>\t\t\t\t<\/div>\n\t\t\t\t<\/div>\n\t\t\t\t\t<\/div>\n\t\t\t\t<\/div>\n\t\t<div class=\"elementor-element elementor-element-25911be e-grid e-con-boxed e-con e-parent\" data-id=\"25911be\" data-element_type=\"container\" data-e-type=\"container\">\n\t\t\t\t\t<div class=\"e-con-inner\">\n\t\t\t\t<div class=\"elementor-element elementor-element-f8c7ab4 elementor-widget elementor-widget-image\" data-id=\"f8c7ab4\" data-element_type=\"widget\" data-e-type=\"widget\" data-widget_type=\"image.default\">\n\t\t\t\t<div class=\"elementor-widget-container\">\n\t\t\t\t\t\t\t\t\t\t\t\t\t\t\t<img fetchpriority=\"high\" decoding=\"async\" width=\"1024\" height=\"576\" src=\"https:\/\/anae.blastyu.fr\/wp-content\/uploads\/2024\/08\/logo-1024x576.jpg\" class=\"attachment-large size-large wp-image-136\" alt=\"\" srcset=\"https:\/\/anae.blastyu.fr\/wp-content\/uploads\/2024\/08\/logo-1024x576.jpg 1024w, https:\/\/anae.blastyu.fr\/wp-content\/uploads\/2024\/08\/logo-300x169.jpg 300w, https:\/\/anae.blastyu.fr\/wp-content\/uploads\/2024\/08\/logo-768x432.jpg 768w, https:\/\/anae.blastyu.fr\/wp-content\/uploads\/2024\/08\/logo-1536x864.jpg 1536w, https:\/\/anae.blastyu.fr\/wp-content\/uploads\/2024\/08\/logo.jpg 1680w\" sizes=\"(max-width: 1024px) 100vw, 1024px\" \/>\t\t\t\t\t\t\t\t\t\t\t\t\t\t\t<\/div>\n\t\t\t\t<\/div>\n\t\t\t\t<div class=\"elementor-element elementor-element-c8e8989 elementor-widget elementor-widget-image\" data-id=\"c8e8989\" data-element_type=\"widget\" data-e-type=\"widget\" data-widget_type=\"image.default\">\n\t\t\t\t<div class=\"elementor-widget-container\">\n\t\t\t\t\t\t\t\t\t\t\t\t\t\t\t<img decoding=\"async\" width=\"1024\" height=\"576\" src=\"https:\/\/anae.blastyu.fr\/wp-content\/uploads\/2024\/08\/declinaison-1024x576.jpg\" class=\"attachment-large size-large wp-image-137\" alt=\"\" srcset=\"https:\/\/anae.blastyu.fr\/wp-content\/uploads\/2024\/08\/declinaison-1024x576.jpg 1024w, https:\/\/anae.blastyu.fr\/wp-content\/uploads\/2024\/08\/declinaison-300x169.jpg 300w, https:\/\/anae.blastyu.fr\/wp-content\/uploads\/2024\/08\/declinaison-768x432.jpg 768w, https:\/\/anae.blastyu.fr\/wp-content\/uploads\/2024\/08\/declinaison-1536x864.jpg 1536w, https:\/\/anae.blastyu.fr\/wp-content\/uploads\/2024\/08\/declinaison.jpg 1680w\" sizes=\"(max-width: 1024px) 100vw, 1024px\" \/>\t\t\t\t\t\t\t\t\t\t\t\t\t\t\t<\/div>\n\t\t\t\t<\/div>\n\t\t\t\t<div class=\"elementor-element elementor-element-9403358 elementor-widget elementor-widget-image\" data-id=\"9403358\" data-element_type=\"widget\" data-e-type=\"widget\" data-widget_type=\"image.default\">\n\t\t\t\t<div class=\"elementor-widget-container\">\n\t\t\t\t\t\t\t\t\t\t\t\t\t\t\t<img decoding=\"async\" width=\"1024\" height=\"576\" src=\"https:\/\/anae.blastyu.fr\/wp-content\/uploads\/2024\/08\/couleur-1024x576.jpg\" class=\"attachment-large size-large wp-image-138\" alt=\"\" srcset=\"https:\/\/anae.blastyu.fr\/wp-content\/uploads\/2024\/08\/couleur-1024x576.jpg 1024w, https:\/\/anae.blastyu.fr\/wp-content\/uploads\/2024\/08\/couleur-300x169.jpg 300w, https:\/\/anae.blastyu.fr\/wp-content\/uploads\/2024\/08\/couleur-768x432.jpg 768w, https:\/\/anae.blastyu.fr\/wp-content\/uploads\/2024\/08\/couleur-1536x864.jpg 1536w, https:\/\/anae.blastyu.fr\/wp-content\/uploads\/2024\/08\/couleur.jpg 1680w\" sizes=\"(max-width: 1024px) 100vw, 1024px\" \/>\t\t\t\t\t\t\t\t\t\t\t\t\t\t\t<\/div>\n\t\t\t\t<\/div>\n\t\t\t\t<div class=\"elementor-element elementor-element-1ef34f6 elementor-widget elementor-widget-image\" data-id=\"1ef34f6\" data-element_type=\"widget\" data-e-type=\"widget\" data-widget_type=\"image.default\">\n\t\t\t\t<div class=\"elementor-widget-container\">\n\t\t\t\t\t\t\t\t\t\t\t\t\t\t\t<img loading=\"lazy\" decoding=\"async\" width=\"1024\" height=\"576\" src=\"https:\/\/anae.blastyu.fr\/wp-content\/uploads\/2024\/08\/police-1024x576.jpg\" class=\"attachment-large size-large wp-image-139\" alt=\"\" srcset=\"https:\/\/anae.blastyu.fr\/wp-content\/uploads\/2024\/08\/police-1024x576.jpg 1024w, https:\/\/anae.blastyu.fr\/wp-content\/uploads\/2024\/08\/police-300x169.jpg 300w, https:\/\/anae.blastyu.fr\/wp-content\/uploads\/2024\/08\/police-768x432.jpg 768w, https:\/\/anae.blastyu.fr\/wp-content\/uploads\/2024\/08\/police-1536x864.jpg 1536w, https:\/\/anae.blastyu.fr\/wp-content\/uploads\/2024\/08\/police.jpg 1680w\" sizes=\"(max-width: 1024px) 100vw, 1024px\" \/>\t\t\t\t\t\t\t\t\t\t\t\t\t\t\t<\/div>\n\t\t\t\t<\/div>\n\t\t\t\t\t<\/div>\n\t\t\t\t<\/div>\n\t\t<div class=\"elementor-element elementor-element-f62f581 e-flex e-con-boxed e-con e-parent\" data-id=\"f62f581\" data-element_type=\"container\" data-e-type=\"container\">\n\t\t\t\t\t<div class=\"e-con-inner\">\n\t\t\t\t<div class=\"elementor-element elementor-element-ca1dfcc elementor-widget elementor-widget-spacer\" data-id=\"ca1dfcc\" data-element_type=\"widget\" data-e-type=\"widget\" data-widget_type=\"spacer.default\">\n\t\t\t\t<div class=\"elementor-widget-container\">\n\t\t\t\t\t\t\t<div class=\"elementor-spacer\">\n\t\t\t<div class=\"elementor-spacer-inner\"><\/div>\n\t\t<\/div>\n\t\t\t\t\t\t<\/div>\n\t\t\t\t<\/div>\n\t\t\t\t<div class=\"elementor-element elementor-element-4e9092a elementor-widget elementor-widget-heading\" data-id=\"4e9092a\" data-element_type=\"widget\" data-e-type=\"widget\" data-widget_type=\"heading.default\">\n\t\t\t\t<div class=\"elementor-widget-container\">\n\t\t\t\t\t<h2 class=\"elementor-heading-title elementor-size-default\">Affiche et plaquette sponsor<\/h2>\t\t\t\t<\/div>\n\t\t\t\t<\/div>\n\t\t\t\t\t<\/div>\n\t\t\t\t<\/div>\n\t\t<div class=\"elementor-element elementor-element-ec4d54a e-flex e-con-boxed e-con e-parent\" data-id=\"ec4d54a\" data-element_type=\"container\" data-e-type=\"container\">\n\t\t\t\t\t<div class=\"e-con-inner\">\n\t\t<div class=\"elementor-element elementor-element-0d39b15 e-con-full e-flex e-con e-child\" data-id=\"0d39b15\" data-element_type=\"container\" data-e-type=\"container\">\n\t\t\t\t<div class=\"elementor-element elementor-element-51d3979 elementor-widget elementor-widget-image\" data-id=\"51d3979\" data-element_type=\"widget\" data-e-type=\"widget\" data-widget_type=\"image.default\">\n\t\t\t\t<div class=\"elementor-widget-container\">\n\t\t\t\t\t\t\t\t\t\t\t\t\t\t\t<img loading=\"lazy\" decoding=\"async\" width=\"724\" height=\"1024\" src=\"https:\/\/anae.blastyu.fr\/wp-content\/uploads\/2024\/08\/Affiche-music-jump-2-724x1024.jpg\" class=\"attachment-large size-large wp-image-140\" alt=\"\" srcset=\"https:\/\/anae.blastyu.fr\/wp-content\/uploads\/2024\/08\/Affiche-music-jump-2-724x1024.jpg 724w, https:\/\/anae.blastyu.fr\/wp-content\/uploads\/2024\/08\/Affiche-music-jump-2-212x300.jpg 212w, https:\/\/anae.blastyu.fr\/wp-content\/uploads\/2024\/08\/Affiche-music-jump-2-768x1086.jpg 768w, https:\/\/anae.blastyu.fr\/wp-content\/uploads\/2024\/08\/Affiche-music-jump-2-1087x1536.jpg 1087w, https:\/\/anae.blastyu.fr\/wp-content\/uploads\/2024\/08\/Affiche-music-jump-2.jpg 1238w\" sizes=\"(max-width: 724px) 100vw, 724px\" \/>\t\t\t\t\t\t\t\t\t\t\t\t\t\t\t<\/div>\n\t\t\t\t<\/div>\n\t\t\t\t<div class=\"elementor-element elementor-element-bd8fc60 elementor-align-center elementor-widget elementor-widget-button\" data-id=\"bd8fc60\" data-element_type=\"widget\" data-e-type=\"widget\" data-widget_type=\"button.default\">\n\t\t\t\t<div class=\"elementor-widget-container\">\n\t\t\t\t\t\t\t\t\t<div class=\"elementor-button-wrapper\">\n\t\t\t\t\t<a class=\"elementor-button elementor-button-link elementor-size-sm\" href=\"https:\/\/ecla-albi.net\/\" id=\"https:\/\/ecla-albi.net\/\">\n\t\t\t\t\t\t<span class=\"elementor-button-content-wrapper\">\n\t\t\t\t\t\t\t\t\t<span class=\"elementor-button-text\">Site internet de l'ECLA<\/span>\n\t\t\t\t\t<\/span>\n\t\t\t\t\t<\/a>\n\t\t\t\t<\/div>\n\t\t\t\t\t\t\t\t<\/div>\n\t\t\t\t<\/div>\n\t\t\t\t<\/div>\n\t\t<div class=\"elementor-element elementor-element-9bad14f e-con-full e-flex e-con e-child\" data-id=\"9bad14f\" data-element_type=\"container\" data-e-type=\"container\">\n\t\t<div class=\"elementor-element elementor-element-47f3a3c e-con-full e-flex e-con e-child\" data-id=\"47f3a3c\" data-element_type=\"container\" data-e-type=\"container\">\n\t\t\t\t<div class=\"elementor-element elementor-element-21ce4d3 elementor-widget elementor-widget-image\" data-id=\"21ce4d3\" data-element_type=\"widget\" data-e-type=\"widget\" data-widget_type=\"image.default\">\n\t\t\t\t<div class=\"elementor-widget-container\">\n\t\t\t\t\t\t\t\t\t\t\t\t\t\t\t<img loading=\"lazy\" decoding=\"async\" width=\"1024\" height=\"791\" src=\"https:\/\/anae.blastyu.fr\/wp-content\/uploads\/2024\/08\/Plaquette-ecla-page-exterieur-JPEG-1024x791.jpg\" class=\"attachment-large size-large wp-image-141\" alt=\"\" srcset=\"https:\/\/anae.blastyu.fr\/wp-content\/uploads\/2024\/08\/Plaquette-ecla-page-exterieur-JPEG-1024x791.jpg 1024w, https:\/\/anae.blastyu.fr\/wp-content\/uploads\/2024\/08\/Plaquette-ecla-page-exterieur-JPEG-300x232.jpg 300w, https:\/\/anae.blastyu.fr\/wp-content\/uploads\/2024\/08\/Plaquette-ecla-page-exterieur-JPEG-768x593.jpg 768w, https:\/\/anae.blastyu.fr\/wp-content\/uploads\/2024\/08\/Plaquette-ecla-page-exterieur-JPEG-1536x1187.jpg 1536w, https:\/\/anae.blastyu.fr\/wp-content\/uploads\/2024\/08\/Plaquette-ecla-page-exterieur-JPEG-2048x1583.jpg 2048w\" sizes=\"(max-width: 1024px) 100vw, 1024px\" \/>\t\t\t\t\t\t\t\t\t\t\t\t\t\t\t<\/div>\n\t\t\t\t<\/div>\n\t\t\t\t<\/div>\n\t\t<div class=\"elementor-element elementor-element-e28f48e e-con-full e-flex e-con e-child\" data-id=\"e28f48e\" data-element_type=\"container\" data-e-type=\"container\">\n\t\t\t\t<div class=\"elementor-element elementor-element-d74b3e4 elementor-widget elementor-widget-image\" data-id=\"d74b3e4\" data-element_type=\"widget\" data-e-type=\"widget\" data-widget_type=\"image.default\">\n\t\t\t\t<div class=\"elementor-widget-container\">\n\t\t\t\t\t\t\t\t\t\t\t\t\t\t\t<img loading=\"lazy\" decoding=\"async\" width=\"1024\" height=\"794\" src=\"https:\/\/anae.blastyu.fr\/wp-content\/uploads\/2024\/08\/Plaquette-ecla-page-interieur-JPEG-1024x794.jpg\" class=\"attachment-large size-large wp-image-142\" alt=\"\" srcset=\"https:\/\/anae.blastyu.fr\/wp-content\/uploads\/2024\/08\/Plaquette-ecla-page-interieur-JPEG-1024x794.jpg 1024w, https:\/\/anae.blastyu.fr\/wp-content\/uploads\/2024\/08\/Plaquette-ecla-page-interieur-JPEG-300x233.jpg 300w, https:\/\/anae.blastyu.fr\/wp-content\/uploads\/2024\/08\/Plaquette-ecla-page-interieur-JPEG-768x596.jpg 768w, https:\/\/anae.blastyu.fr\/wp-content\/uploads\/2024\/08\/Plaquette-ecla-page-interieur-JPEG-1536x1192.jpg 1536w, https:\/\/anae.blastyu.fr\/wp-content\/uploads\/2024\/08\/Plaquette-ecla-page-interieur-JPEG-2048x1589.jpg 2048w\" sizes=\"(max-width: 1024px) 100vw, 1024px\" \/>\t\t\t\t\t\t\t\t\t\t\t\t\t\t\t<\/div>\n\t\t\t\t<\/div>\n\t\t\t\t<\/div>\n\t\t\t\t<\/div>\n\t\t\t\t\t<\/div>\n\t\t\t\t<\/div>\n\t\t\t\t<\/div>\n\t\t","protected":false},"excerpt":{"rendered":"<p>Mes r\u00e9alisations au sein de l&rsquo;ECLA. L&rsquo;ECLA est une association sportive dynamique qui a pour mission de promouvoir l&rsquo;athl\u00e9tisme aupr\u00e8s [&hellip;]<\/p>\n","protected":false},"author":1,"featured_media":0,"parent":0,"menu_order":0,"comment_status":"closed","ping_status":"closed","template":"","meta":{"inline_featured_image":false,"site-sidebar-layout":"default","site-content-layout":"","ast-site-content-layout":"","site-content-style":"default","site-sidebar-style":"default","ast-global-header-display":"","ast-banner-title-visibility":"","ast-main-header-display":"","ast-hfb-above-header-display":"","ast-hfb-below-header-display":"","ast-hfb-mobile-header-display":"","site-post-title":"","ast-breadcrumbs-content":"","ast-featured-img":"","footer-sml-layout":"","theme-transparent-header-meta":"","adv-header-id-meta":"","stick-header-meta":"","header-above-stick-meta":"","header-main-stick-meta":"","header-below-stick-meta":"","astra-migrate-meta-layouts":"default","ast-page-background-enabled":"default","ast-page-background-meta":{"desktop":{"background-color":"var(--ast-global-color-4)","background-image":"","background-repeat":"repeat","background-position":"center center","background-size":"auto","background-attachment":"scroll","background-type":"","background-media":"","overlay-type":"","overlay-color":"","overlay-opacity":"","overlay-gradient":""},"tablet":{"background-color":"","background-image":"","background-repeat":"repeat","background-position":"center center","background-size":"auto","background-attachment":"scroll","background-type":"","background-media":"","overlay-type":"","overlay-color":"","overlay-opacity":"","overlay-gradient":""},"mobile":{"background-color":"","background-image":"","background-repeat":"repeat","background-position":"center center","background-size":"auto","background-attachment":"scroll","background-type":"","background-media":"","overlay-type":"","overlay-color":"","overlay-opacity":"","overlay-gradient":""}},"ast-content-background-meta":{"desktop":{"background-color":"var(--ast-global-color-5)","background-image":"","background-repeat":"repeat","background-position":"center center","background-size":"auto","background-attachment":"scroll","background-type":"","background-media":"","overlay-type":"","overlay-color":"","overlay-opacity":"","overlay-gradient":""},"tablet":{"background-color":"var(--ast-global-color-5)","background-image":"","background-repeat":"repeat","background-position":"center center","background-size":"auto","background-attachment":"scroll","background-type":"","background-media":"","overlay-type":"","overlay-color":"","overlay-opacity":"","overlay-gradient":""},"mobile":{"background-color":"var(--ast-global-color-5)","background-image":"","background-repeat":"repeat","background-position":"center center","background-size":"auto","background-attachment":"scroll","background-type":"","background-media":"","overlay-type":"","overlay-color":"","overlay-opacity":"","overlay-gradient":""}},"footnotes":""},"class_list":["post-52","page","type-page","status-publish","hentry"],"_links":{"self":[{"href":"https:\/\/anae.blastyu.fr\/index.php?rest_route=\/wp\/v2\/pages\/52","targetHints":{"allow":["GET"]}}],"collection":[{"href":"https:\/\/anae.blastyu.fr\/index.php?rest_route=\/wp\/v2\/pages"}],"about":[{"href":"https:\/\/anae.blastyu.fr\/index.php?rest_route=\/wp\/v2\/types\/page"}],"author":[{"embeddable":true,"href":"https:\/\/anae.blastyu.fr\/index.php?rest_route=\/wp\/v2\/users\/1"}],"replies":[{"embeddable":true,"href":"https:\/\/anae.blastyu.fr\/index.php?rest_route=%2Fwp%2Fv2%2Fcomments&post=52"}],"version-history":[{"count":11,"href":"https:\/\/anae.blastyu.fr\/index.php?rest_route=\/wp\/v2\/pages\/52\/revisions"}],"predecessor-version":[{"id":167,"href":"https:\/\/anae.blastyu.fr\/index.php?rest_route=\/wp\/v2\/pages\/52\/revisions\/167"}],"wp:attachment":[{"href":"https:\/\/anae.blastyu.fr\/index.php?rest_route=%2Fwp%2Fv2%2Fmedia&parent=52"}],"curies":[{"name":"wp","href":"https:\/\/api.w.org\/{rel}","templated":true}]}}