{"id":50,"date":"2024-06-26T00:04:00","date_gmt":"2024-06-25T22:04:00","guid":{"rendered":"https:\/\/anae.blastyu.fr\/?page_id=50"},"modified":"2024-10-08T09:45:35","modified_gmt":"2024-10-08T07:45:35","slug":"cours","status":"publish","type":"page","link":"https:\/\/anae.blastyu.fr\/?page_id=50","title":{"rendered":"Cours"},"content":{"rendered":"\t\t<div data-elementor-type=\"wp-page\" data-elementor-id=\"50\" class=\"elementor elementor-50\">\n\t\t\t\t<div class=\"elementor-element elementor-element-432a601 e-flex e-con-boxed e-con e-parent\" data-id=\"432a601\" data-element_type=\"container\" data-e-type=\"container\">\n\t\t\t\t\t<div class=\"e-con-inner\">\n\t\t\t\t<div class=\"elementor-element elementor-element-1f4270d elementor-widget elementor-widget-heading\" data-id=\"1f4270d\" data-element_type=\"widget\" data-e-type=\"widget\" data-widget_type=\"heading.default\">\n\t\t\t\t<div class=\"elementor-widget-container\">\n\t\t\t\t\t<h2 class=\"elementor-heading-title elementor-size-default\">Mes r\u00e9alisations en classe<\/h2>\t\t\t\t<\/div>\n\t\t\t\t<\/div>\n\t\t\t\t<div class=\"elementor-element elementor-element-ae0b212 elementor-widget elementor-widget-spacer\" data-id=\"ae0b212\" data-element_type=\"widget\" data-e-type=\"widget\" data-widget_type=\"spacer.default\">\n\t\t\t\t<div class=\"elementor-widget-container\">\n\t\t\t\t\t\t\t<div class=\"elementor-spacer\">\n\t\t\t<div class=\"elementor-spacer-inner\"><\/div>\n\t\t<\/div>\n\t\t\t\t\t\t<\/div>\n\t\t\t\t<\/div>\n\t\t\t\t\t<\/div>\n\t\t\t\t<\/div>\n\t\t<div class=\"elementor-element elementor-element-7891f94 e-flex e-con-boxed e-con e-parent\" data-id=\"7891f94\" data-element_type=\"container\" data-e-type=\"container\">\n\t\t\t\t\t<div class=\"e-con-inner\">\n\t\t<div class=\"elementor-element elementor-element-7d09280 e-con-full e-flex e-con e-child\" data-id=\"7d09280\" data-element_type=\"container\" data-e-type=\"container\">\n\t\t\t\t<div class=\"elementor-element elementor-element-378645d elementor-widget elementor-widget-image\" data-id=\"378645d\" data-element_type=\"widget\" data-e-type=\"widget\" data-widget_type=\"image.default\">\n\t\t\t\t<div class=\"elementor-widget-container\">\n\t\t\t\t\t\t\t\t\t\t\t\t\t\t\t<img fetchpriority=\"high\" decoding=\"async\" width=\"724\" height=\"1024\" src=\"https:\/\/anae.blastyu.fr\/wp-content\/uploads\/2024\/08\/Musee-Toulouse-Lautrec-724x1024.png\" class=\"attachment-large size-large wp-image-101\" alt=\"\" srcset=\"https:\/\/anae.blastyu.fr\/wp-content\/uploads\/2024\/08\/Musee-Toulouse-Lautrec-724x1024.png 724w, https:\/\/anae.blastyu.fr\/wp-content\/uploads\/2024\/08\/Musee-Toulouse-Lautrec-212x300.png 212w, https:\/\/anae.blastyu.fr\/wp-content\/uploads\/2024\/08\/Musee-Toulouse-Lautrec-768x1086.png 768w, https:\/\/anae.blastyu.fr\/wp-content\/uploads\/2024\/08\/Musee-Toulouse-Lautrec-1086x1536.png 1086w, https:\/\/anae.blastyu.fr\/wp-content\/uploads\/2024\/08\/Musee-Toulouse-Lautrec.png 1414w\" sizes=\"(max-width: 724px) 100vw, 724px\" \/>\t\t\t\t\t\t\t\t\t\t\t\t\t\t\t<\/div>\n\t\t\t\t<\/div>\n\t\t\t\t<div class=\"elementor-element elementor-element-05ad1d2 elementor-widget elementor-widget-text-editor\" data-id=\"05ad1d2\" data-element_type=\"widget\" data-e-type=\"widget\" data-widget_type=\"text-editor.default\">\n\t\t\t\t<div class=\"elementor-widget-container\">\n\t\t\t\t\t\t\t\t\t<p>Cr\u00e9ation d&rsquo;une affiche en atelier professionnel pour une exposition au Mus\u00e9e Toulouse Lautrec.<\/p>\t\t\t\t\t\t\t\t<\/div>\n\t\t\t\t<\/div>\n\t\t\t\t<div class=\"elementor-element elementor-element-c0a3086 elementor-widget elementor-widget-image\" data-id=\"c0a3086\" data-element_type=\"widget\" data-e-type=\"widget\" data-widget_type=\"image.default\">\n\t\t\t\t<div class=\"elementor-widget-container\">\n\t\t\t\t\t\t\t\t\t\t\t\t\t\t\t<img decoding=\"async\" width=\"625\" height=\"206\" src=\"https:\/\/anae.blastyu.fr\/wp-content\/uploads\/2024\/08\/monstera-noir-laisse-fond-ecran_53876-102420-e1724421248164.avif\" class=\"attachment-large size-large wp-image-155\" alt=\"\" srcset=\"https:\/\/anae.blastyu.fr\/wp-content\/uploads\/2024\/08\/monstera-noir-laisse-fond-ecran_53876-102420-e1724421248164.avif 625w, https:\/\/anae.blastyu.fr\/wp-content\/uploads\/2024\/08\/monstera-noir-laisse-fond-ecran_53876-102420-e1724421248164-300x99.avif 300w\" sizes=\"(max-width: 625px) 100vw, 625px\" \/>\t\t\t\t\t\t\t\t\t\t\t\t\t\t\t<\/div>\n\t\t\t\t<\/div>\n\t\t\t\t<\/div>\n\t\t<div class=\"elementor-element elementor-element-c3aecd8 e-con-full e-flex e-con e-child\" data-id=\"c3aecd8\" data-element_type=\"container\" data-e-type=\"container\">\n\t\t<div class=\"elementor-element elementor-element-dde86cc e-con-full e-flex e-con e-child\" data-id=\"dde86cc\" data-element_type=\"container\" data-e-type=\"container\">\n\t\t\t\t<div class=\"elementor-element elementor-element-0ce4842 elementor-widget elementor-widget-image\" data-id=\"0ce4842\" data-element_type=\"widget\" data-e-type=\"widget\" data-widget_type=\"image.default\">\n\t\t\t\t<div class=\"elementor-widget-container\">\n\t\t\t\t\t\t\t\t\t\t\t\t\t\t\t<img decoding=\"async\" width=\"1024\" height=\"791\" src=\"https:\/\/anae.blastyu.fr\/wp-content\/uploads\/2024\/08\/plaquette-lOM-prostate-compresse-recto-1024x791.png\" class=\"attachment-large size-large wp-image-128\" alt=\"\" srcset=\"https:\/\/anae.blastyu.fr\/wp-content\/uploads\/2024\/08\/plaquette-lOM-prostate-compresse-recto-1024x791.png 1024w, https:\/\/anae.blastyu.fr\/wp-content\/uploads\/2024\/08\/plaquette-lOM-prostate-compresse-recto-300x232.png 300w, https:\/\/anae.blastyu.fr\/wp-content\/uploads\/2024\/08\/plaquette-lOM-prostate-compresse-recto-768x593.png 768w, https:\/\/anae.blastyu.fr\/wp-content\/uploads\/2024\/08\/plaquette-lOM-prostate-compresse-recto-1536x1187.png 1536w, https:\/\/anae.blastyu.fr\/wp-content\/uploads\/2024\/08\/plaquette-lOM-prostate-compresse-recto.png 1750w\" sizes=\"(max-width: 1024px) 100vw, 1024px\" \/>\t\t\t\t\t\t\t\t\t\t\t\t\t\t\t<\/div>\n\t\t\t\t<\/div>\n\t\t\t\t<\/div>\n\t\t<div class=\"elementor-element elementor-element-3da17c4 e-con-full e-flex e-con e-child\" data-id=\"3da17c4\" data-element_type=\"container\" data-e-type=\"container\">\n\t\t\t\t<div class=\"elementor-element elementor-element-39068f2 elementor-widget elementor-widget-text-editor\" data-id=\"39068f2\" data-element_type=\"widget\" data-e-type=\"widget\" data-widget_type=\"text-editor.default\">\n\t\t\t\t<div class=\"elementor-widget-container\">\n\t\t\t\t\t\t\t\t\t<p>Cr\u00e9ation d&rsquo;une plaquette pour la promotion du d\u00e9pistage contre le cancer de la prostate pour les supporters de l&rsquo;OM.<\/p>\t\t\t\t\t\t\t\t<\/div>\n\t\t\t\t<\/div>\n\t\t\t\t<div class=\"elementor-element elementor-element-c90efb4 elementor-widget elementor-widget-image\" data-id=\"c90efb4\" data-element_type=\"widget\" data-e-type=\"widget\" data-widget_type=\"image.default\">\n\t\t\t\t<div class=\"elementor-widget-container\">\n\t\t\t\t\t\t\t\t\t\t\t\t\t\t\t<img loading=\"lazy\" decoding=\"async\" width=\"1024\" height=\"724\" src=\"https:\/\/anae.blastyu.fr\/wp-content\/uploads\/2024\/08\/THE-NORTH-FACE-compresse-2-1024x724.png\" class=\"attachment-large size-large wp-image-129\" alt=\"\" srcset=\"https:\/\/anae.blastyu.fr\/wp-content\/uploads\/2024\/08\/THE-NORTH-FACE-compresse-2-1024x724.png 1024w, https:\/\/anae.blastyu.fr\/wp-content\/uploads\/2024\/08\/THE-NORTH-FACE-compresse-2-300x212.png 300w, https:\/\/anae.blastyu.fr\/wp-content\/uploads\/2024\/08\/THE-NORTH-FACE-compresse-2-768x543.png 768w, https:\/\/anae.blastyu.fr\/wp-content\/uploads\/2024\/08\/THE-NORTH-FACE-compresse-2.png 1500w\" sizes=\"(max-width: 1024px) 100vw, 1024px\" \/>\t\t\t\t\t\t\t\t\t\t\t\t\t\t\t<\/div>\n\t\t\t\t<\/div>\n\t\t\t\t<div class=\"elementor-element elementor-element-9653ca0 elementor-widget elementor-widget-text-editor\" data-id=\"9653ca0\" data-element_type=\"widget\" data-e-type=\"widget\" data-widget_type=\"text-editor.default\">\n\t\t\t\t<div class=\"elementor-widget-container\">\n\t\t\t\t\t\t\t\t\t<p>Cr\u00e9ation d&rsquo;une affiche en culture de la communication pour le lancement de la nouvelle collection de v\u00eatements de la marque The North Face.<\/p>\t\t\t\t\t\t\t\t<\/div>\n\t\t\t\t<\/div>\n\t\t\t\t<\/div>\n\t\t\t\t<\/div>\n\t\t\t\t\t<\/div>\n\t\t\t\t<\/div>\n\t\t<div class=\"elementor-element elementor-element-3b09978 e-grid e-con-boxed e-con e-parent\" data-id=\"3b09978\" data-element_type=\"container\" data-e-type=\"container\">\n\t\t\t\t\t<div class=\"e-con-inner\">\n\t\t\t\t<div class=\"elementor-element elementor-element-e9fb530 elementor-widget elementor-widget-image\" data-id=\"e9fb530\" data-element_type=\"widget\" data-e-type=\"widget\" data-widget_type=\"image.default\">\n\t\t\t\t<div class=\"elementor-widget-container\">\n\t\t\t\t\t\t\t\t\t\t\t\t\t\t\t<img loading=\"lazy\" decoding=\"async\" width=\"724\" height=\"1024\" src=\"https:\/\/anae.blastyu.fr\/wp-content\/uploads\/2024\/08\/le-slip-francais-compresse-724x1024.png\" class=\"attachment-large size-large wp-image-130\" alt=\"\" srcset=\"https:\/\/anae.blastyu.fr\/wp-content\/uploads\/2024\/08\/le-slip-francais-compresse-724x1024.png 724w, https:\/\/anae.blastyu.fr\/wp-content\/uploads\/2024\/08\/le-slip-francais-compresse-212x300.png 212w, https:\/\/anae.blastyu.fr\/wp-content\/uploads\/2024\/08\/le-slip-francais-compresse-768x1086.png 768w, https:\/\/anae.blastyu.fr\/wp-content\/uploads\/2024\/08\/le-slip-francais-compresse-1086x1536.png 1086w, https:\/\/anae.blastyu.fr\/wp-content\/uploads\/2024\/08\/le-slip-francais-compresse.png 1237w\" sizes=\"(max-width: 724px) 100vw, 724px\" \/>\t\t\t\t\t\t\t\t\t\t\t\t\t\t\t<\/div>\n\t\t\t\t<\/div>\n\t\t\t\t<div class=\"elementor-element elementor-element-ac7aba7 elementor-widget elementor-widget-image\" data-id=\"ac7aba7\" data-element_type=\"widget\" data-e-type=\"widget\" data-widget_type=\"image.default\">\n\t\t\t\t<div class=\"elementor-widget-container\">\n\t\t\t\t\t\t\t\t\t\t\t\t\t\t\t<img loading=\"lazy\" decoding=\"async\" width=\"724\" height=\"1024\" src=\"https:\/\/anae.blastyu.fr\/wp-content\/uploads\/2024\/08\/le-slip-francais-724x1024.png\" class=\"attachment-large size-large wp-image-131\" alt=\"\" srcset=\"https:\/\/anae.blastyu.fr\/wp-content\/uploads\/2024\/08\/le-slip-francais-724x1024.png 724w, https:\/\/anae.blastyu.fr\/wp-content\/uploads\/2024\/08\/le-slip-francais-212x300.png 212w, https:\/\/anae.blastyu.fr\/wp-content\/uploads\/2024\/08\/le-slip-francais-768x1086.png 768w, https:\/\/anae.blastyu.fr\/wp-content\/uploads\/2024\/08\/le-slip-francais-1086x1536.png 1086w, https:\/\/anae.blastyu.fr\/wp-content\/uploads\/2024\/08\/le-slip-francais.png 1237w\" sizes=\"(max-width: 724px) 100vw, 724px\" \/>\t\t\t\t\t\t\t\t\t\t\t\t\t\t\t<\/div>\n\t\t\t\t<\/div>\n\t\t\t\t\t<\/div>\n\t\t\t\t<\/div>\n\t\t<div class=\"elementor-element elementor-element-e54a447 e-flex e-con-boxed e-con e-parent\" data-id=\"e54a447\" data-element_type=\"container\" data-e-type=\"container\">\n\t\t\t\t\t<div class=\"e-con-inner\">\n\t\t\t\t<div class=\"elementor-element elementor-element-bb122ca elementor-widget elementor-widget-text-editor\" data-id=\"bb122ca\" data-element_type=\"widget\" data-e-type=\"widget\" data-widget_type=\"text-editor.default\">\n\t\t\t\t<div class=\"elementor-widget-container\">\n\t\t\t\t\t\t\t\t\t<p>Production d&rsquo;un flyer en culture de la communication pour le lancement de la nouvelle collection de maillots de bain de la marque Le Slip Fran\u00e7ais.<\/p>\t\t\t\t\t\t\t\t<\/div>\n\t\t\t\t<\/div>\n\t\t\t\t\t<\/div>\n\t\t\t\t<\/div>\n\t\t<div class=\"elementor-element elementor-element-001205d e-flex e-con-boxed e-con e-parent\" data-id=\"001205d\" data-element_type=\"container\" data-e-type=\"container\">\n\t\t\t\t\t<div class=\"e-con-inner\">\n\t\t\t\t<div class=\"elementor-element elementor-element-7955601 elementor-widget elementor-widget-spacer\" data-id=\"7955601\" data-element_type=\"widget\" data-e-type=\"widget\" data-widget_type=\"spacer.default\">\n\t\t\t\t<div class=\"elementor-widget-container\">\n\t\t\t\t\t\t\t<div class=\"elementor-spacer\">\n\t\t\t<div class=\"elementor-spacer-inner\"><\/div>\n\t\t<\/div>\n\t\t\t\t\t\t<\/div>\n\t\t\t\t<\/div>\n\t\t\t\t\t<\/div>\n\t\t\t\t<\/div>\n\t\t<div class=\"elementor-element elementor-element-d640f55 e-flex e-con-boxed e-con e-parent\" data-id=\"d640f55\" data-element_type=\"container\" data-e-type=\"container\">\n\t\t\t\t\t<div class=\"e-con-inner\">\n\t\t\t\t<div class=\"elementor-element elementor-element-040eaf5 elementor-widget elementor-widget-heading\" data-id=\"040eaf5\" data-element_type=\"widget\" data-e-type=\"widget\" data-widget_type=\"heading.default\">\n\t\t\t\t<div class=\"elementor-widget-container\">\n\t\t\t\t\t<h2 class=\"elementor-heading-title elementor-size-default\">Vid\u00e9o de fin d'ann\u00e9e<\/h2>\t\t\t\t<\/div>\n\t\t\t\t<\/div>\n\t\t\t\t\t<\/div>\n\t\t\t\t<\/div>\n\t\t<div class=\"elementor-element elementor-element-b20f94e e-flex e-con-boxed e-con e-parent\" data-id=\"b20f94e\" data-element_type=\"container\" data-e-type=\"container\">\n\t\t\t\t\t<div class=\"e-con-inner\">\n\t\t\t\t<div class=\"elementor-element elementor-element-e4188e9 elementor-widget elementor-widget-spacer\" data-id=\"e4188e9\" data-element_type=\"widget\" data-e-type=\"widget\" data-widget_type=\"spacer.default\">\n\t\t\t\t<div class=\"elementor-widget-container\">\n\t\t\t\t\t\t\t<div class=\"elementor-spacer\">\n\t\t\t<div class=\"elementor-spacer-inner\"><\/div>\n\t\t<\/div>\n\t\t\t\t\t\t<\/div>\n\t\t\t\t<\/div>\n\t\t\t\t<div class=\"elementor-element elementor-element-1157a36 elementor-widget elementor-widget-image\" data-id=\"1157a36\" data-element_type=\"widget\" data-e-type=\"widget\" data-widget_type=\"image.default\">\n\t\t\t\t<div class=\"elementor-widget-container\">\n\t\t\t\t\t\t\t\t\t\t\t\t\t\t\t<img loading=\"lazy\" decoding=\"async\" width=\"1024\" height=\"568\" src=\"https:\/\/anae.blastyu.fr\/wp-content\/uploads\/2024\/10\/Capture-decran-2024-10-08-092302-1-1024x568.png\" class=\"attachment-large size-large wp-image-225\" alt=\"\" srcset=\"https:\/\/anae.blastyu.fr\/wp-content\/uploads\/2024\/10\/Capture-decran-2024-10-08-092302-1-1024x568.png 1024w, https:\/\/anae.blastyu.fr\/wp-content\/uploads\/2024\/10\/Capture-decran-2024-10-08-092302-1-300x166.png 300w, https:\/\/anae.blastyu.fr\/wp-content\/uploads\/2024\/10\/Capture-decran-2024-10-08-092302-1-768x426.png 768w, https:\/\/anae.blastyu.fr\/wp-content\/uploads\/2024\/10\/Capture-decran-2024-10-08-092302-1-1536x852.png 1536w, https:\/\/anae.blastyu.fr\/wp-content\/uploads\/2024\/10\/Capture-decran-2024-10-08-092302-1.png 1595w\" sizes=\"(max-width: 1024px) 100vw, 1024px\" \/>\t\t\t\t\t\t\t\t\t\t\t\t\t\t\t<\/div>\n\t\t\t\t<\/div>\n\t\t\t\t<div class=\"elementor-element elementor-element-17fd054 elementor-align-center elementor-widget elementor-widget-button\" data-id=\"17fd054\" data-element_type=\"widget\" data-e-type=\"widget\" data-widget_type=\"button.default\">\n\t\t\t\t<div class=\"elementor-widget-container\">\n\t\t\t\t\t\t\t\t\t<div class=\"elementor-button-wrapper\">\n\t\t\t\t\t<a class=\"elementor-button elementor-button-link elementor-size-sm\" href=\"https:\/\/drive.google.com\/file\/d\/1BTemaS1xdV-NX2tm5pzofOjqqj4iP9dD\/view?usp=sharing\" id=\"https:\/\/drive.google.com\/file\/d\/1BTemaS1xdV-NX2tm5pzofOjqqj4iP9dD\/view?usp=sharing\">\n\t\t\t\t\t\t<span class=\"elementor-button-content-wrapper\">\n\t\t\t\t\t\t\t\t\t<span class=\"elementor-button-text\">Cliquez ici pour voir la vid\u00e9o<\/span>\n\t\t\t\t\t<\/span>\n\t\t\t\t\t<\/a>\n\t\t\t\t<\/div>\n\t\t\t\t\t\t\t\t<\/div>\n\t\t\t\t<\/div>\n\t\t\t\t\t<\/div>\n\t\t\t\t<\/div>\n\t\t\t\t<\/div>\n\t\t","protected":false},"excerpt":{"rendered":"<p>Mes r\u00e9alisations en classe Cr\u00e9ation d&rsquo;une affiche en atelier professionnel pour une exposition au Mus\u00e9e Toulouse Lautrec. Cr\u00e9ation d&rsquo;une plaquette [&hellip;]<\/p>\n","protected":false},"author":1,"featured_media":0,"parent":0,"menu_order":0,"comment_status":"closed","ping_status":"closed","template":"","meta":{"inline_featured_image":false,"site-sidebar-layout":"default","site-content-layout":"","ast-site-content-layout":"","site-content-style":"default","site-sidebar-style":"default","ast-global-header-display":"","ast-banner-title-visibility":"","ast-main-header-display":"","ast-hfb-above-header-display":"","ast-hfb-below-header-display":"","ast-hfb-mobile-header-display":"","site-post-title":"","ast-breadcrumbs-content":"","ast-featured-img":"","footer-sml-layout":"","theme-transparent-header-meta":"","adv-header-id-meta":"","stick-header-meta":"","header-above-stick-meta":"","header-main-stick-meta":"","header-below-stick-meta":"","astra-migrate-meta-layouts":"default","ast-page-background-enabled":"default","ast-page-background-meta":{"desktop":{"background-color":"var(--ast-global-color-4)","background-image":"","background-repeat":"repeat","background-position":"center center","background-size":"auto","background-attachment":"scroll","background-type":"","background-media":"","overlay-type":"","overlay-color":"","overlay-opacity":"","overlay-gradient":""},"tablet":{"background-color":"","background-image":"","background-repeat":"repeat","background-position":"center center","background-size":"auto","background-attachment":"scroll","background-type":"","background-media":"","overlay-type":"","overlay-color":"","overlay-opacity":"","overlay-gradient":""},"mobile":{"background-color":"","background-image":"","background-repeat":"repeat","background-position":"center center","background-size":"auto","background-attachment":"scroll","background-type":"","background-media":"","overlay-type":"","overlay-color":"","overlay-opacity":"","overlay-gradient":""}},"ast-content-background-meta":{"desktop":{"background-color":"var(--ast-global-color-5)","background-image":"","background-repeat":"repeat","background-position":"center center","background-size":"auto","background-attachment":"scroll","background-type":"","background-media":"","overlay-type":"","overlay-color":"","overlay-opacity":"","overlay-gradient":""},"tablet":{"background-color":"var(--ast-global-color-5)","background-image":"","background-repeat":"repeat","background-position":"center center","background-size":"auto","background-attachment":"scroll","background-type":"","background-media":"","overlay-type":"","overlay-color":"","overlay-opacity":"","overlay-gradient":""},"mobile":{"background-color":"var(--ast-global-color-5)","background-image":"","background-repeat":"repeat","background-position":"center center","background-size":"auto","background-attachment":"scroll","background-type":"","background-media":"","overlay-type":"","overlay-color":"","overlay-opacity":"","overlay-gradient":""}},"footnotes":""},"class_list":["post-50","page","type-page","status-publish","hentry"],"_links":{"self":[{"href":"https:\/\/anae.blastyu.fr\/index.php?rest_route=\/wp\/v2\/pages\/50","targetHints":{"allow":["GET"]}}],"collection":[{"href":"https:\/\/anae.blastyu.fr\/index.php?rest_route=\/wp\/v2\/pages"}],"about":[{"href":"https:\/\/anae.blastyu.fr\/index.php?rest_route=\/wp\/v2\/types\/page"}],"author":[{"embeddable":true,"href":"https:\/\/anae.blastyu.fr\/index.php?rest_route=\/wp\/v2\/users\/1"}],"replies":[{"embeddable":true,"href":"https:\/\/anae.blastyu.fr\/index.php?rest_route=%2Fwp%2Fv2%2Fcomments&post=50"}],"version-history":[{"count":20,"href":"https:\/\/anae.blastyu.fr\/index.php?rest_route=\/wp\/v2\/pages\/50\/revisions"}],"predecessor-version":[{"id":235,"href":"https:\/\/anae.blastyu.fr\/index.php?rest_route=\/wp\/v2\/pages\/50\/revisions\/235"}],"wp:attachment":[{"href":"https:\/\/anae.blastyu.fr\/index.php?rest_route=%2Fwp%2Fv2%2Fmedia&parent=50"}],"curies":[{"name":"wp","href":"https:\/\/api.w.org\/{rel}","templated":true}]}}